{"id":350,"date":"2021-07-01T10:21:39","date_gmt":"2021-07-01T10:21:39","guid":{"rendered":"https:\/\/dev.mediadome.at\/shop1\/?page_id=350"},"modified":"2021-07-06T11:55:24","modified_gmt":"2021-07-06T11:55:24","slug":"nachhaltigkeit","status":"publish","type":"page","link":"https:\/\/webdome.at\/space-shuttle-1\/nachhaltigkeit\/","title":{"rendered":"Nachhaltigkeit"},"content":{"rendered":"\t\t<div data-elementor-type=\"wp-page\" data-elementor-id=\"350\" class=\"elementor elementor-350\" data-elementor-settings=\"[]\">\n\t\t\t\t\t\t\t<div class=\"elementor-section-wrap\">\n\t\t\t\t\t\t\t<section class=\"elementor-section elementor-top-section elementor-element elementor-element-1fe12b83 elementor-section-height-min-height elementor-section-boxed elementor-section-height-default elementor-section-items-middle\" data-id=\"1fe12b83\" data-element_type=\"section\" data-settings=\"{&quot;background_background&quot;:&quot;classic&quot;}\">\n\t\t\t\t\t\t<div class=\"elementor-container elementor-column-gap-default\">\n\t\t\t\t\t<div class=\"elementor-column elementor-col-100 elementor-top-column elementor-element elementor-element-77f627d1\" data-id=\"77f627d1\" data-element_type=\"column\">\n\t\t\t<div class=\"elementor-widget-wrap elementor-element-populated\">\n\t\t\t\t\t\t\t\t<div class=\"elementor-element elementor-element-4df5a5d2 elementor-widget elementor-widget-heading\" data-id=\"4df5a5d2\" data-element_type=\"widget\" data-widget_type=\"heading.default\">\n\t\t\t\t<div class=\"elementor-widget-container\">\n\t\t\t<h1 class=\"elementor-heading-title elementor-size-default\">Nachhaltigkeit<\/h1>\t\t<\/div>\n\t\t\t\t<\/div>\n\t\t\t\t\t<\/div>\n\t\t<\/div>\n\t\t\t\t\t\t\t<\/div>\n\t\t<\/section>\n\t\t\t\t<section class=\"elementor-section elementor-top-section elementor-element elementor-element-826f47b elementor-section-boxed elementor-section-height-default elementor-section-height-default\" data-id=\"826f47b\" data-element_type=\"section\">\n\t\t\t\t\t\t<div class=\"elementor-container elementor-column-gap-default\">\n\t\t\t\t\t<div class=\"elementor-column elementor-col-100 elementor-top-column elementor-element elementor-element-3e45dc7\" data-id=\"3e45dc7\" data-element_type=\"column\">\n\t\t\t<div class=\"elementor-widget-wrap elementor-element-populated\">\n\t\t\t\t\t\t\t\t<div class=\"elementor-element elementor-element-afa1e63 elementor-widget elementor-widget-text-editor\" data-id=\"afa1e63\" data-element_type=\"widget\" data-widget_type=\"text-editor.default\">\n\t\t\t\t<div class=\"elementor-widget-container\">\n\t\t\t\t\t\t\t<p>Nachhaltigkeit ist unser Handlungsprinzip zur Ressourcennutzung, bei dem eine dauerhafte Bed\u00fcrfnisbefriedigung durch die Bewahrung der nat\u00fcrlichen Regenerationsf\u00e4higkeit der beteiligten Systeme gew\u00e4hrleistet werden soll.\u00a0<\/p><p><strong>Worauf es ankommt:<\/strong> Womit vergleiche ich die Nachhaltigkeit ?<\/p><p>1. Wenn ich es mit dem Zeitaufwand, Stift, Papier, Druckerfarbe, Ordner etc. vergleiche, ist unser Produkt maximal nachhaltig.<\/p><p>2. Wenn ich GFOXX mit einem anderen batteriebetriebenen Thermometer vergleiche, f\u00e4llt bei beiden die Batterie in die Gewichtung der Nachhaltigkeit und da diese nach einem Jahr auch bei anderen Ger\u00e4ten gewechselt werden muss, wiegt die Nachhaltigkeit gleich auf. Die in unserem Datenlogger verbaute Platine wird vollst\u00e4ndig recycelt und dem Rohstoffmarkt wieder zu Verf\u00fcgung gestellt.<\/p>\t\t\t\t\t\t<\/div>\n\t\t\t\t<\/div>\n\t\t\t\t<div class=\"elementor-element elementor-element-1951da7 elementor-widget elementor-widget-heading\" data-id=\"1951da7\" data-element_type=\"widget\" data-widget_type=\"heading.default\">\n\t\t\t\t<div class=\"elementor-widget-container\">\n\t\t\t<h2 class=\"elementor-heading-title elementor-size-default\">KEIN PAPIER, TONER, ORDNER, STIFT etc.<\/h2>\t\t<\/div>\n\t\t\t\t<\/div>\n\t\t\t\t<div class=\"elementor-element elementor-element-f9729e9 elementor-widget elementor-widget-text-editor\" data-id=\"f9729e9\" data-element_type=\"widget\" data-widget_type=\"text-editor.default\">\n\t\t\t\t<div class=\"elementor-widget-container\">\n\t\t\t\t\t\t\t<p>Wir als Polarfoxx.com GmbH setzen alles M\u00f6gliche daran, auf die Nachhaltigkeit zu achten. So werden beispielsweise keine Ressourcen wie Papier und Toner mehr ben\u00f6tigt. Das allein spart den Unternehmen viele Ressourcen. Zudem entf\u00e4llt die Lagerung des Papierarchivs sowie die Anschaffung von Regalen, Ordnern, Stiften und Papier.<\/p>\t\t\t\t\t\t<\/div>\n\t\t\t\t<\/div>\n\t\t\t\t<div class=\"elementor-element elementor-element-f23df22 elementor-widget elementor-widget-heading\" data-id=\"f23df22\" data-element_type=\"widget\" data-widget_type=\"heading.default\">\n\t\t\t\t<div class=\"elementor-widget-container\">\n\t\t\t<h2 class=\"elementor-heading-title elementor-size-default\">WIR VERSENDEN KLIMANEUTRAL\n\n<\/h2>\t\t<\/div>\n\t\t\t\t<\/div>\n\t\t\t\t<div class=\"elementor-element elementor-element-1b28602 elementor-widget elementor-widget-text-editor\" data-id=\"1b28602\" data-element_type=\"widget\" data-widget_type=\"text-editor.default\">\n\t\t\t\t<div class=\"elementor-widget-container\">\n\t\t\t\t\t\t\t<p>Dank\u00a0unserem Versand-Partner DHL versenden wir klimaneutral unsere Sendungen an Sie.<\/p>\t\t\t\t\t\t<\/div>\n\t\t\t\t<\/div>\n\t\t\t\t<div class=\"elementor-element elementor-element-43b0c75 elementor-widget elementor-widget-heading\" data-id=\"43b0c75\" data-element_type=\"widget\" data-widget_type=\"heading.default\">\n\t\t\t\t<div class=\"elementor-widget-container\">\n\t\t\t<h2 class=\"elementor-heading-title elementor-size-default\">WIR RECYCELN F\u00dcR SIE\n\n<\/h2>\t\t<\/div>\n\t\t\t\t<\/div>\n\t\t\t\t<div class=\"elementor-element elementor-element-f242f15 elementor-widget elementor-widget-text-editor\" data-id=\"f242f15\" data-element_type=\"widget\" data-widget_type=\"text-editor.default\">\n\t\t\t\t<div class=\"elementor-widget-container\">\n\t\t\t\t\t\t\t<p>Wir sehen uns in der Verantwortung, f\u00fcr unsere Umwelt da zu sein, besonders in der heutigen Zeit. Das Thema Temperatur ist nicht nur unser Hauptaugenmerk, sondern Verpflichtung zugleich.\u00a0Wir setzen bereits bei der Verpackung darauf, auf unn\u00f6tige Ressourcenverschwendung zu verzichten, nur damit es \u201esch\u00f6n\u201c aussieht. Es geht um die Funktionalit\u00e4t und Stabilit\u00e4t und das bei m\u00f6glichst geringem Ressourceneinsatz. Gerne nehmen wir Deine gebrauchten GFOXX Modelle wieder bei uns in Empfang und recyceln diese vorschriftsm\u00e4\u00dfig. Schicke sie uns an Polarfoxx.com GmbH, Martinstrasse 63, 53332 Bornheim<\/p>\t\t\t\t\t\t<\/div>\n\t\t\t\t<\/div>\n\t\t\t\t<div class=\"elementor-element elementor-element-bda45a1 elementor-widget elementor-widget-heading\" data-id=\"bda45a1\" data-element_type=\"widget\" data-widget_type=\"heading.default\">\n\t\t\t\t<div class=\"elementor-widget-container\">\n\t\t\t<h2 class=\"elementor-heading-title elementor-size-default\">BATTERIEWECHSEL NICHT VON VORTEIL\n\n<\/h2>\t\t<\/div>\n\t\t\t\t<\/div>\n\t\t\t\t<div class=\"elementor-element elementor-element-d0b9ed3 elementor-widget elementor-widget-text-editor\" data-id=\"d0b9ed3\" data-element_type=\"widget\" data-widget_type=\"text-editor.default\">\n\t\t\t\t<div class=\"elementor-widget-container\">\n\t\t\t\t\t\t\t<p>Eines der gr\u00f6\u00dften Probleme von mobilen Elektronikger\u00e4ten ist die Batterie. Wir werden oft gefragt, warum man unsere Batterie nicht wechseln kann. Dabei fragen wir uns, wieso sie gewechselt werden sollen k\u00f6nnte und welchen Sinn das Ganze hat.<\/p><p>Die Batterie ist mit Abstand der gr\u00f6\u00dfte belastende Faktor. \u00a0Andere Produkte mit wechselbarer Batterie ben\u00f6tigen ebenfalls neue Batterien. Somit fehlt auch bei Ger\u00e4ten mit wechselbarer Batterie die Nachhaltigkeit. Ganz abgesehen von der hohen Belastung der Technik bei niedrigen Umgebungstemperaturen gibt es hier speziell auch keine Garantie auf lange Haltbarkeit der anderen Produkte mit wechselbarer Batterie.<\/p>\t\t\t\t\t\t<\/div>\n\t\t\t\t<\/div>\n\t\t\t\t\t<\/div>\n\t\t<\/div>\n\t\t\t\t\t\t\t<\/div>\n\t\t<\/section>\n\t\t\t\t\t\t<\/div>\n\t\t\t\t\t<\/div>\n\t\t","protected":false},"excerpt":{"rendered":"<p>Nachhaltigkeit Nachhaltigkeit ist unser Handlungsprinzip zur Ressourcennutzung, bei dem eine dauerhafte Bed\u00fcrfnisbefriedigung durch die Bewahrung der nat\u00fcrlichen Regenerationsf\u00e4higkeit der beteiligten Systeme gew\u00e4hrleistet werden soll.\u00a0 Worauf es ankommt: Womit vergleiche ich die Nachhaltigkeit ? 1. Wenn ich es mit dem Zeitaufwand, Stift, Papier, Druckerfarbe, Ordner etc. vergleiche, ist unser Produkt maximal nachhaltig. 2. Wenn ich GFOXX [&hellip;]<\/p>\n","protected":false},"author":1,"featured_media":0,"parent":0,"menu_order":0,"comment_status":"closed","ping_status":"closed","template":"","meta":{"footnotes":""},"class_list":["post-350","page","type-page","status-publish","hentry"],"_links":{"self":[{"href":"https:\/\/webdome.at\/space-shuttle-1\/wp-json\/wp\/v2\/pages\/350","targetHints":{"allow":["GET"]}}],"collection":[{"href":"https:\/\/webdome.at\/space-shuttle-1\/wp-json\/wp\/v2\/pages"}],"about":[{"href":"https:\/\/webdome.at\/space-shuttle-1\/wp-json\/wp\/v2\/types\/page"}],"author":[{"embeddable":true,"href":"https:\/\/webdome.at\/space-shuttle-1\/wp-json\/wp\/v2\/users\/1"}],"replies":[{"embeddable":true,"href":"https:\/\/webdome.at\/space-shuttle-1\/wp-json\/wp\/v2\/comments?post=350"}],"version-history":[{"count":25,"href":"https:\/\/webdome.at\/space-shuttle-1\/wp-json\/wp\/v2\/pages\/350\/revisions"}],"predecessor-version":[{"id":656,"href":"https:\/\/webdome.at\/space-shuttle-1\/wp-json\/wp\/v2\/pages\/350\/revisions\/656"}],"wp:attachment":[{"href":"https:\/\/webdome.at\/space-shuttle-1\/wp-json\/wp\/v2\/media?parent=350"}],"curies":[{"name":"wp","href":"https:\/\/api.w.org\/{rel}","templated":true}]}}