{"id":175,"date":"2021-06-29T07:57:18","date_gmt":"2021-06-29T07:57:18","guid":{"rendered":"https:\/\/dev.mediadome.at\/shop1\/?post_type=product&#038;p=175"},"modified":"2021-07-06T08:17:33","modified_gmt":"2021-07-06T08:17:33","slug":"gfoxx-digital-temperature-control-24-7","status":"publish","type":"product","link":"https:\/\/webdome.at\/space-shuttle-1\/produkt\/gfoxx-digital-temperature-control-24-7\/","title":{"rendered":"GFOXX digital temperature control 24\/7"},"content":{"rendered":"<p>&#8211; Kostenlose App f\u00fcr iOS und Android.<\/p>\n<p>&#8211; Digitales Bluetooth Thermometer auf +- 0,5 \u00b0C kalibriert.<\/p>\n<p>&#8211; Live Monitoring der K\u00fchleinheiten, wenn diese in Bluetooth Reichweite sind.<\/p>\n<p>&#8211; Gruppensynchronisation von K\u00fchleinheiten, sowie Gruppenberichte von meheren K\u00fchleinheiten.<\/p>\n<p>&#8211; Bis zu drei Messzeitpunkte pro Tag frei w\u00e4hlbar\/einstellbar.<\/p>\n<p>&#8211; Speicherung der Temperatur erfolgt alle 5 Minuten (288 Messpunkte pro Tag), Temperaturdaten werden \u00fcber 330 Tage vorgehalten (100.000 Messpunkte).<\/p>\n<p>&#8211; Laufzeit bei Temperaturen &gt;0 \u00b0C ein Jahr (380 Tage inkl. Karenzzeit). In Tiefk\u00fchltruhen deutlich k\u00fcrzere Laufzeit, hier sollte die Tiefk\u00fchlversion eingesetzt werden.<\/p>\n<p>&#8211; Individuelle Erstellung von Hygiene- und Mitarbeiterberichten, sowie Reinigungspl\u00e4nen.<\/p>\n<p>&#8211; Vordefinierte Berichte, zur Erleichterung der Erstellung des Berichtswesens.<\/p>\n<p>&#8211; Alle Berichte k\u00f6nnen \u00fcber die Standardfunktionen des mobilen Ger\u00e4tes geteilt werden.<\/p>\n","protected":false},"excerpt":{"rendered":"<div class=\"product--description\">\n<p>GFOXX mit einer garantierten Einsatzdauer von 380 Tagen im Temperaturbereich von 0\u00b0C bis 40\u00b0C.<\/p>\n<p>Die All in One L\u00f6sung zur HACCP konformen Dokumentation von Temperatur-, Hygiene- und Mitarbeiterlisten in der Gastronomie, Catering, Kantinen, Metzgereien, B\u00e4ckereien sowie der lebensmittelverarbeitende Industrie.<\/p>\n<p>&nbsp;<\/p>\n<\/div>\n","protected":false},"featured_media":594,"comment_status":"open","ping_status":"closed","template":"","meta":[],"product_cat":[18],"product_tag":[],"class_list":["post-175","product","type-product","status-publish","has-post-thumbnail","hentry","product_cat-gfoxx"],"_links":{"self":[{"href":"https:\/\/webdome.at\/space-shuttle-1\/wp-json\/wp\/v2\/product\/175","targetHints":{"allow":["GET"]}}],"collection":[{"href":"https:\/\/webdome.at\/space-shuttle-1\/wp-json\/wp\/v2\/product"}],"about":[{"href":"https:\/\/webdome.at\/space-shuttle-1\/wp-json\/wp\/v2\/types\/product"}],"replies":[{"embeddable":true,"href":"https:\/\/webdome.at\/space-shuttle-1\/wp-json\/wp\/v2\/comments?post=175"}],"wp:featuredmedia":[{"embeddable":true,"href":"https:\/\/webdome.at\/space-shuttle-1\/wp-json\/wp\/v2\/media\/594"}],"wp:attachment":[{"href":"https:\/\/webdome.at\/space-shuttle-1\/wp-json\/wp\/v2\/media?parent=175"}],"wp:term":[{"taxonomy":"product_cat","embeddable":true,"href":"https:\/\/webdome.at\/space-shuttle-1\/wp-json\/wp\/v2\/product_cat?post=175"},{"taxonomy":"product_tag","embeddable":true,"href":"https:\/\/webdome.at\/space-shuttle-1\/wp-json\/wp\/v2\/product_tag?post=175"}],"curies":[{"name":"wp","href":"https:\/\/api.w.org\/{rel}","templated":true}]}}