{"id":345,"date":"2021-07-27T09:14:30","date_gmt":"2021-07-27T09:14:30","guid":{"rendered":"https:\/\/dev.mediadome.at\/webdome3\/?page_id=345"},"modified":"2021-07-28T12:48:40","modified_gmt":"2021-07-28T12:48:40","slug":"schlafzimmer","status":"publish","type":"page","link":"https:\/\/webdome.at\/titan-1\/index.php\/schlafzimmer\/","title":{"rendered":"Schlafzimmer"},"content":{"rendered":"\t\t<div data-elementor-type=\"wp-page\" data-elementor-id=\"345\" class=\"elementor elementor-345\" data-elementor-settings=\"[]\">\n\t\t\t\t\t\t\t<div class=\"elementor-section-wrap\">\n\t\t\t\t\t\t\t<section class=\"elementor-section elementor-top-section elementor-element elementor-element-7adf0dd3 elementor-section-height-min-height elementor-section-boxed elementor-section-height-default elementor-section-items-middle\" data-id=\"7adf0dd3\" data-element_type=\"section\" data-settings=\"{&quot;background_background&quot;:&quot;classic&quot;}\">\n\t\t\t\t\t\t\t<div class=\"elementor-background-overlay\"><\/div>\n\t\t\t\t\t\t\t<div class=\"elementor-container elementor-column-gap-default\">\n\t\t\t\t\t<div class=\"elementor-column elementor-col-100 elementor-top-column elementor-element elementor-element-29e73345\" data-id=\"29e73345\" data-element_type=\"column\">\n\t\t\t<div class=\"elementor-widget-wrap elementor-element-populated\">\n\t\t\t\t\t\t\t\t<div class=\"elementor-element elementor-element-1298cd5d elementor-widget__width-auto elementor-widget elementor-widget-heading\" data-id=\"1298cd5d\" data-element_type=\"widget\" data-widget_type=\"heading.default\">\n\t\t\t\t<div class=\"elementor-widget-container\">\n\t\t\t<h2 class=\"elementor-heading-title elementor-size-default\">Schlafzimmer<\/h2>\t\t<\/div>\n\t\t\t\t<\/div>\n\t\t\t\t\t<\/div>\n\t\t<\/div>\n\t\t\t\t\t\t\t<\/div>\n\t\t<\/section>\n\t\t\t\t<section class=\"elementor-section elementor-top-section elementor-element elementor-element-22b92b87 elementor-section-boxed elementor-section-height-default elementor-section-height-default\" data-id=\"22b92b87\" data-element_type=\"section\">\n\t\t\t\t\t\t<div class=\"elementor-container elementor-column-gap-default\">\n\t\t\t\t\t<div class=\"elementor-column elementor-col-50 elementor-top-column elementor-element elementor-element-547834eb\" data-id=\"547834eb\" data-element_type=\"column\">\n\t\t\t<div class=\"elementor-widget-wrap elementor-element-populated\">\n\t\t\t\t\t\t\t\t<div class=\"elementor-element elementor-element-2564154e elementor-widget elementor-widget-image\" data-id=\"2564154e\" data-element_type=\"widget\" data-widget_type=\"image.default\">\n\t\t\t\t<div class=\"elementor-widget-container\">\n\t\t\t\t\t\t\t\t\t\t\t\t\t\t\t<img loading=\"lazy\" decoding=\"async\" width=\"800\" height=\"500\" src=\"https:\/\/webdome.at\/titan-1\/wp-content\/uploads\/2021\/07\/AdobeStock_297542040-1024x640.jpeg\" class=\"attachment-large size-large\" alt=\"\" srcset=\"https:\/\/webdome.at\/titan-1\/wp-content\/uploads\/2021\/07\/AdobeStock_297542040-1024x640.jpeg 1024w, https:\/\/webdome.at\/titan-1\/wp-content\/uploads\/2021\/07\/AdobeStock_297542040-300x188.jpeg 300w, https:\/\/webdome.at\/titan-1\/wp-content\/uploads\/2021\/07\/AdobeStock_297542040-768x480.jpeg 768w, https:\/\/webdome.at\/titan-1\/wp-content\/uploads\/2021\/07\/AdobeStock_297542040-1536x960.jpeg 1536w, https:\/\/webdome.at\/titan-1\/wp-content\/uploads\/2021\/07\/AdobeStock_297542040-2048x1280.jpeg 2048w\" sizes=\"auto, (max-width: 800px) 100vw, 800px\" \/>\t\t\t\t\t\t\t\t\t\t\t\t\t\t\t<\/div>\n\t\t\t\t<\/div>\n\t\t\t\t\t<\/div>\n\t\t<\/div>\n\t\t\t\t<div class=\"elementor-column elementor-col-50 elementor-top-column elementor-element elementor-element-171c6c4\" data-id=\"171c6c4\" data-element_type=\"column\">\n\t\t\t<div class=\"elementor-widget-wrap elementor-element-populated\">\n\t\t\t\t\t\t\t\t<div class=\"elementor-element elementor-element-26c75d06 elementor-widget elementor-widget-heading\" data-id=\"26c75d06\" data-element_type=\"widget\" data-widget_type=\"heading.default\">\n\t\t\t\t<div class=\"elementor-widget-container\">\n\t\t\t<h4 class=\"elementor-heading-title elementor-size-default\">Planung<\/h4>\t\t<\/div>\n\t\t\t\t<\/div>\n\t\t\t\t<div class=\"elementor-element elementor-element-2d14abbd elementor-widget elementor-widget-heading\" data-id=\"2d14abbd\" data-element_type=\"widget\" data-widget_type=\"heading.default\">\n\t\t\t\t<div class=\"elementor-widget-container\">\n\t\t\t<h2 class=\"elementor-heading-title elementor-size-default\">Gut Schlafen<\/h2>\t\t<\/div>\n\t\t\t\t<\/div>\n\t\t\t\t<div class=\"elementor-element elementor-element-57eceee3 elementor-widget elementor-widget-text-editor\" data-id=\"57eceee3\" data-element_type=\"widget\" data-widget_type=\"text-editor.default\">\n\t\t\t\t<div class=\"elementor-widget-container\">\n\t\t\t\t\t\t\t<p>Unsere Betten und Schlafzimmer sind ber\u00fchmt f\u00fcr ihre Ausstattung mit Zirbe. Zirbe beruhigt den Geist und l\u00e4sst Sie gut schlafen. Au\u00dferdem ist der Geruch einmalig. Nat\u00fcrlich wollen wir auch hier f\u00fcr Ihr Wohlf\u00fchlen sorgen und achten auf richtige Auslegung des Bettes.\u00a0\u00a0<\/p>\t\t\t\t\t\t<\/div>\n\t\t\t\t<\/div>\n\t\t\t\t\t<\/div>\n\t\t<\/div>\n\t\t\t\t\t\t\t<\/div>\n\t\t<\/section>\n\t\t\t\t<section class=\"elementor-section elementor-top-section elementor-element elementor-element-1110bb52 elementor-section-full_width elementor-section-height-default elementor-section-height-default\" data-id=\"1110bb52\" data-element_type=\"section\" data-settings=\"{&quot;background_background&quot;:&quot;classic&quot;}\">\n\t\t\t\t\t\t<div class=\"elementor-container elementor-column-gap-default\">\n\t\t\t\t\t<div class=\"elementor-column elementor-col-50 elementor-top-column elementor-element elementor-element-66c98e8e\" data-id=\"66c98e8e\" data-element_type=\"column\">\n\t\t\t<div class=\"elementor-widget-wrap elementor-element-populated\">\n\t\t\t\t\t\t\t\t<div class=\"elementor-element elementor-element-15852372 elementor-widget elementor-widget-heading\" data-id=\"15852372\" data-element_type=\"widget\" data-widget_type=\"heading.default\">\n\t\t\t\t<div class=\"elementor-widget-container\">\n\t\t\t<h4 class=\"elementor-heading-title elementor-size-default\">R\u00e4umlichkeiten<\/h4>\t\t<\/div>\n\t\t\t\t<\/div>\n\t\t\t\t<div class=\"elementor-element elementor-element-bd7156b elementor-widget elementor-widget-heading\" data-id=\"bd7156b\" data-element_type=\"widget\" data-widget_type=\"heading.default\">\n\t\t\t\t<div class=\"elementor-widget-container\">\n\t\t\t<h2 class=\"elementor-heading-title elementor-size-default\">Ankleidezimmer<\/h2>\t\t<\/div>\n\t\t\t\t<\/div>\n\t\t\t\t<div class=\"elementor-element elementor-element-ba49447 elementor-widget elementor-widget-text-editor\" data-id=\"ba49447\" data-element_type=\"widget\" data-widget_type=\"text-editor.default\">\n\t\t\t\t<div class=\"elementor-widget-container\">\n\t\t\t\t\t\t\t<p>Alles was Ihr Herz begehrt.\u00a0<\/p>\t\t\t\t\t\t<\/div>\n\t\t\t\t<\/div>\n\t\t\t\t<div class=\"elementor-element elementor-element-7e5d00c6 elementor-align-center elementor-widget elementor-widget-button\" data-id=\"7e5d00c6\" data-element_type=\"widget\" data-widget_type=\"button.default\">\n\t\t\t\t<div class=\"elementor-widget-container\">\n\t\t\t\t\t<div class=\"elementor-button-wrapper\">\n\t\t\t<a href=\"https:\/\/webdome.at\/titan-1\/index.php\/kontakt\/\" class=\"elementor-button-link elementor-button elementor-size-lg\" role=\"button\">\n\t\t\t\t\t\t<span class=\"elementor-button-content-wrapper\">\n\t\t\t\t\t\t<span class=\"elementor-button-text\">Hier Termin vereinbaren<\/span>\n\t\t<\/span>\n\t\t\t\t\t<\/a>\n\t\t<\/div>\n\t\t\t\t<\/div>\n\t\t\t\t<\/div>\n\t\t\t\t\t<\/div>\n\t\t<\/div>\n\t\t\t\t<div class=\"elementor-column elementor-col-50 elementor-top-column elementor-element elementor-element-3b62e9a2\" data-id=\"3b62e9a2\" data-element_type=\"column\" data-settings=\"{&quot;background_background&quot;:&quot;classic&quot;}\">\n\t\t\t<div class=\"elementor-widget-wrap elementor-element-populated\">\n\t\t\t\t\t\t\t\t<div class=\"elementor-element elementor-element-2557d8c elementor-widget elementor-widget-spacer\" data-id=\"2557d8c\" data-element_type=\"widget\" data-widget_type=\"spacer.default\">\n\t\t\t\t<div class=\"elementor-widget-container\">\n\t\t\t\t\t<div class=\"elementor-spacer\">\n\t\t\t<div class=\"elementor-spacer-inner\"><\/div>\n\t\t<\/div>\n\t\t\t\t<\/div>\n\t\t\t\t<\/div>\n\t\t\t\t\t<\/div>\n\t\t<\/div>\n\t\t\t\t\t\t\t<\/div>\n\t\t<\/section>\n\t\t\t\t<section class=\"elementor-section elementor-top-section elementor-element elementor-element-2802d19b elementor-section-full_width elementor-section-height-default elementor-section-height-default\" data-id=\"2802d19b\" data-element_type=\"section\">\n\t\t\t\t\t\t<div class=\"elementor-container elementor-column-gap-default\">\n\t\t\t\t\t<div class=\"elementor-column elementor-col-100 elementor-top-column elementor-element elementor-element-441c67f4\" data-id=\"441c67f4\" data-element_type=\"column\">\n\t\t\t<div class=\"elementor-widget-wrap elementor-element-populated\">\n\t\t\t\t\t\t\t\t<div class=\"elementor-element elementor-element-297d93ab elementor-widget elementor-widget-spacer\" data-id=\"297d93ab\" data-element_type=\"widget\" data-widget_type=\"spacer.default\">\n\t\t\t\t<div class=\"elementor-widget-container\">\n\t\t\t\t\t<div class=\"elementor-spacer\">\n\t\t\t<div class=\"elementor-spacer-inner\"><\/div>\n\t\t<\/div>\n\t\t\t\t<\/div>\n\t\t\t\t<\/div>\n\t\t\t\t<div class=\"elementor-element elementor-element-137a58c9 elementor-widget elementor-widget-heading\" data-id=\"137a58c9\" data-element_type=\"widget\" data-widget_type=\"heading.default\">\n\t\t\t\t<div class=\"elementor-widget-container\">\n\t\t\t<h4 class=\"elementor-heading-title elementor-size-default\">Einblick<\/h4>\t\t<\/div>\n\t\t\t\t<\/div>\n\t\t\t\t<div class=\"elementor-element elementor-element-6896c365 elementor-widget elementor-widget-heading\" data-id=\"6896c365\" data-element_type=\"widget\" data-widget_type=\"heading.default\">\n\t\t\t\t<div class=\"elementor-widget-container\">\n\t\t\t<h2 class=\"elementor-heading-title elementor-size-default\">Schlaf- und Ankleidezimmer<\/h2>\t\t<\/div>\n\t\t\t\t<\/div>\n\t\t\t\t<div class=\"elementor-element elementor-element-bf3c544 elementor-widget elementor-widget-gallery\" data-id=\"bf3c544\" data-element_type=\"widget\" data-settings=\"{&quot;gallery_layout&quot;:&quot;justified&quot;,&quot;lazyload&quot;:&quot;yes&quot;,&quot;ideal_row_height&quot;:{&quot;unit&quot;:&quot;px&quot;,&quot;size&quot;:200,&quot;sizes&quot;:[]},&quot;ideal_row_height_tablet&quot;:{&quot;unit&quot;:&quot;px&quot;,&quot;size&quot;:150,&quot;sizes&quot;:[]},&quot;ideal_row_height_mobile&quot;:{&quot;unit&quot;:&quot;px&quot;,&quot;size&quot;:150,&quot;sizes&quot;:[]},&quot;gap&quot;:{&quot;unit&quot;:&quot;px&quot;,&quot;size&quot;:10,&quot;sizes&quot;:[]},&quot;gap_tablet&quot;:{&quot;unit&quot;:&quot;px&quot;,&quot;size&quot;:10,&quot;sizes&quot;:[]},&quot;gap_mobile&quot;:{&quot;unit&quot;:&quot;px&quot;,&quot;size&quot;:10,&quot;sizes&quot;:[]},&quot;link_to&quot;:&quot;file&quot;,&quot;overlay_background&quot;:&quot;yes&quot;,&quot;content_hover_animation&quot;:&quot;fade-in&quot;}\" data-widget_type=\"gallery.default\">\n\t\t\t\t<div class=\"elementor-widget-container\">\n\t\t\t\t\t<div class=\"elementor-gallery__container\">\n\t\t\t\t\t\t\t<a class=\"e-gallery-item elementor-gallery-item elementor-animated-content\" href=\"https:\/\/webdome.at\/titan-1\/wp-content\/uploads\/2021\/07\/AdobeStock_392271301-scaled.jpeg\" data-elementor-open-lightbox=\"yes\" data-elementor-lightbox-slideshow=\"all-bf3c544\" data-elementor-lightbox-title=\"White gray bedroom interior with fireplace carpet, dry plants and decor. 3d render illustration mock up.\">\n\t\t\t\t\t<div class=\"e-gallery-image elementor-gallery-item__image\" data-thumbnail=\"https:\/\/webdome.at\/titan-1\/wp-content\/uploads\/2021\/07\/AdobeStock_392271301-768x512.jpeg\" data-width=\"768\" data-height=\"512\" alt=\"\" ><\/div>\n\t\t\t\t\t\t\t\t\t\t<div class=\"elementor-gallery-item__overlay\"><\/div>\n\t\t\t\t\t\t\t\t\t\t\t\t\t\t<\/a>\n\t\t\t\t\t\t\t<a class=\"e-gallery-item elementor-gallery-item elementor-animated-content\" href=\"https:\/\/webdome.at\/titan-1\/wp-content\/uploads\/2021\/07\/AdobeStock_212720355-scaled.jpeg\" data-elementor-open-lightbox=\"yes\" data-elementor-lightbox-slideshow=\"all-bf3c544\" data-elementor-lightbox-title=\"Striped carpet near bed with patterned blanket in bedroom interior with poster and plants. Real photo\">\n\t\t\t\t\t<div class=\"e-gallery-image elementor-gallery-item__image\" data-thumbnail=\"https:\/\/webdome.at\/titan-1\/wp-content\/uploads\/2021\/07\/AdobeStock_212720355-768x512.jpeg\" data-width=\"768\" data-height=\"512\" alt=\"\" ><\/div>\n\t\t\t\t\t\t\t\t\t\t<div class=\"elementor-gallery-item__overlay\"><\/div>\n\t\t\t\t\t\t\t\t\t\t\t\t\t\t<\/a>\n\t\t\t\t\t\t\t<a class=\"e-gallery-item elementor-gallery-item elementor-animated-content\" href=\"https:\/\/webdome.at\/titan-1\/wp-content\/uploads\/2021\/07\/AdobeStock_260392508-scaled.jpeg\" data-elementor-open-lightbox=\"yes\" data-elementor-lightbox-slideshow=\"all-bf3c544\" data-elementor-lightbox-title=\"Master bedroom interior in luxury apartment\">\n\t\t\t\t\t<div class=\"e-gallery-image elementor-gallery-item__image\" data-thumbnail=\"https:\/\/webdome.at\/titan-1\/wp-content\/uploads\/2021\/07\/AdobeStock_260392508-768x346.jpeg\" data-width=\"768\" data-height=\"346\" alt=\"\" ><\/div>\n\t\t\t\t\t\t\t\t\t\t<div class=\"elementor-gallery-item__overlay\"><\/div>\n\t\t\t\t\t\t\t\t\t\t\t\t\t\t<\/a>\n\t\t\t\t\t\t\t<a class=\"e-gallery-item elementor-gallery-item elementor-animated-content\" href=\"https:\/\/webdome.at\/titan-1\/wp-content\/uploads\/2021\/07\/AdobeStock_217019222-scaled.jpeg\" data-elementor-open-lightbox=\"yes\" data-elementor-lightbox-slideshow=\"all-bf3c544\" data-elementor-lightbox-title=\"modernes Schlafzimmer mit Badezimmer\">\n\t\t\t\t\t<div class=\"e-gallery-image elementor-gallery-item__image\" data-thumbnail=\"https:\/\/webdome.at\/titan-1\/wp-content\/uploads\/2021\/07\/AdobeStock_217019222-768x404.jpeg\" data-width=\"768\" data-height=\"404\" alt=\"\" ><\/div>\n\t\t\t\t\t\t\t\t\t\t<div class=\"elementor-gallery-item__overlay\"><\/div>\n\t\t\t\t\t\t\t\t\t\t\t\t\t\t<\/a>\n\t\t\t\t\t\t\t<a class=\"e-gallery-item elementor-gallery-item elementor-animated-content\" href=\"https:\/\/webdome.at\/titan-1\/wp-content\/uploads\/2021\/07\/3d-rendering-minimal-scandinavian-wood-walk-in-clo-2021-04-04-02-09-26-utc-scaled.jpg\" data-elementor-open-lightbox=\"yes\" data-elementor-lightbox-slideshow=\"all-bf3c544\" data-elementor-lightbox-title=\"3d-rendering-minimal-scandinavian-wood-walk-in-clo-2021-04-04-02-09-26-utc\">\n\t\t\t\t\t<div class=\"e-gallery-image elementor-gallery-item__image\" data-thumbnail=\"https:\/\/webdome.at\/titan-1\/wp-content\/uploads\/2021\/07\/3d-rendering-minimal-scandinavian-wood-walk-in-clo-2021-04-04-02-09-26-utc-768x614.jpg\" data-width=\"768\" data-height=\"614\" alt=\"\" ><\/div>\n\t\t\t\t\t\t\t\t\t\t<div class=\"elementor-gallery-item__overlay\"><\/div>\n\t\t\t\t\t\t\t\t\t\t\t\t\t\t<\/a>\n\t\t\t\t\t\t\t<a class=\"e-gallery-item elementor-gallery-item elementor-animated-content\" href=\"https:\/\/webdome.at\/titan-1\/wp-content\/uploads\/2021\/07\/3d-rendering-minimal-scandinavian-wood-walk-in-clo-7RX7KG7-scaled.jpg\" data-elementor-open-lightbox=\"yes\" data-elementor-lightbox-slideshow=\"all-bf3c544\" data-elementor-lightbox-title=\"3d-rendering-minimal-scandinavian-wood-walk-in-clo-7RX7KG7\">\n\t\t\t\t\t<div class=\"e-gallery-image elementor-gallery-item__image\" data-thumbnail=\"https:\/\/webdome.at\/titan-1\/wp-content\/uploads\/2021\/07\/3d-rendering-minimal-scandinavian-wood-walk-in-clo-7RX7KG7-768x640.jpg\" data-width=\"768\" data-height=\"640\" alt=\"\" ><\/div>\n\t\t\t\t\t\t\t\t\t\t<div class=\"elementor-gallery-item__overlay\"><\/div>\n\t\t\t\t\t\t\t\t\t\t\t\t\t\t<\/a>\n\t\t\t\t\t\t\t<a class=\"e-gallery-item elementor-gallery-item elementor-animated-content\" href=\"https:\/\/webdome.at\/titan-1\/wp-content\/uploads\/2021\/07\/walk-in-closet-with-wooden-wardrobes-PV6VJHL-scaled.jpg\" data-elementor-open-lightbox=\"yes\" data-elementor-lightbox-slideshow=\"all-bf3c544\" data-elementor-lightbox-title=\"Walk-in closet with wooden wardrobes\">\n\t\t\t\t\t<div class=\"e-gallery-image elementor-gallery-item__image\" data-thumbnail=\"https:\/\/webdome.at\/titan-1\/wp-content\/uploads\/2021\/07\/walk-in-closet-with-wooden-wardrobes-PV6VJHL-768x512.jpg\" data-width=\"768\" data-height=\"512\" alt=\"\" ><\/div>\n\t\t\t\t\t\t\t\t\t\t<div class=\"elementor-gallery-item__overlay\"><\/div>\n\t\t\t\t\t\t\t\t\t\t\t\t\t\t<\/a>\n\t\t\t\t\t\t\t<a class=\"e-gallery-item elementor-gallery-item elementor-animated-content\" href=\"https:\/\/webdome.at\/titan-1\/wp-content\/uploads\/2021\/07\/AdobeStock_266190837-scaled.jpeg\" data-elementor-open-lightbox=\"yes\" data-elementor-lightbox-slideshow=\"all-bf3c544\" data-elementor-lightbox-title=\"Gem\u00fctliches Schlafzimmer mit viel Holz im Dachgeschoss\">\n\t\t\t\t\t<div class=\"e-gallery-image elementor-gallery-item__image\" data-thumbnail=\"https:\/\/webdome.at\/titan-1\/wp-content\/uploads\/2021\/07\/AdobeStock_266190837-768x480.jpeg\" data-width=\"768\" data-height=\"480\" alt=\"\" ><\/div>\n\t\t\t\t\t\t\t\t\t\t<div class=\"elementor-gallery-item__overlay\"><\/div>\n\t\t\t\t\t\t\t\t\t\t\t\t\t\t<\/a>\n\t\t\t\t\t<\/div>\n\t\t\t<\/div>\n\t\t\t\t<\/div>\n\t\t\t\t\t<\/div>\n\t\t<\/div>\n\t\t\t\t\t\t\t<\/div>\n\t\t<\/section>\n\t\t\t\t<section class=\"elementor-section elementor-top-section elementor-element elementor-element-6120c480 elementor-section-content-middle elementor-section-boxed elementor-section-height-default elementor-section-height-default\" data-id=\"6120c480\" data-element_type=\"section\">\n\t\t\t\t\t\t<div class=\"elementor-container elementor-column-gap-default\">\n\t\t\t\t\t<div class=\"elementor-column elementor-col-25 elementor-top-column elementor-element elementor-element-50a688bf\" data-id=\"50a688bf\" data-element_type=\"column\" data-settings=\"{&quot;background_background&quot;:&quot;classic&quot;}\">\n\t\t\t<div class=\"elementor-widget-wrap elementor-element-populated\">\n\t\t\t\t\t\t\t\t<div class=\"elementor-element elementor-element-2652be8e elementor-widget elementor-widget-image\" data-id=\"2652be8e\" data-element_type=\"widget\" data-widget_type=\"image.default\">\n\t\t\t\t<div class=\"elementor-widget-container\">\n\t\t\t\t\t\t\t\t\t\t\t\t\t\t\t<img loading=\"lazy\" decoding=\"async\" width=\"2048\" height=\"1280\" src=\"https:\/\/webdome.at\/titan-1\/wp-content\/uploads\/2021\/07\/AdobeStock_266190837-2048x1280.jpeg\" class=\"attachment-2048x2048 size-2048x2048\" alt=\"\" srcset=\"https:\/\/webdome.at\/titan-1\/wp-content\/uploads\/2021\/07\/AdobeStock_266190837-2048x1280.jpeg 2048w, https:\/\/webdome.at\/titan-1\/wp-content\/uploads\/2021\/07\/AdobeStock_266190837-300x188.jpeg 300w, https:\/\/webdome.at\/titan-1\/wp-content\/uploads\/2021\/07\/AdobeStock_266190837-1024x640.jpeg 1024w, https:\/\/webdome.at\/titan-1\/wp-content\/uploads\/2021\/07\/AdobeStock_266190837-768x480.jpeg 768w, https:\/\/webdome.at\/titan-1\/wp-content\/uploads\/2021\/07\/AdobeStock_266190837-1536x960.jpeg 1536w\" sizes=\"auto, (max-width: 2048px) 100vw, 2048px\" \/>\t\t\t\t\t\t\t\t\t\t\t\t\t\t\t<\/div>\n\t\t\t\t<\/div>\n\t\t\t\t\t<\/div>\n\t\t<\/div>\n\t\t\t\t<div class=\"elementor-column elementor-col-50 elementor-top-column elementor-element elementor-element-5a44b8f5\" data-id=\"5a44b8f5\" data-element_type=\"column\">\n\t\t\t<div class=\"elementor-widget-wrap elementor-element-populated\">\n\t\t\t\t\t\t\t\t<div class=\"elementor-element elementor-element-25356f68 elementor-widget elementor-widget-heading\" data-id=\"25356f68\" data-element_type=\"widget\" data-widget_type=\"heading.default\">\n\t\t\t\t<div class=\"elementor-widget-container\">\n\t\t\t<h4 class=\"elementor-heading-title elementor-size-default\">Messen und Ausstellungen<\/h4>\t\t<\/div>\n\t\t\t\t<\/div>\n\t\t\t\t<div class=\"elementor-element elementor-element-39ebc472 elementor-widget elementor-widget-heading\" data-id=\"39ebc472\" data-element_type=\"widget\" data-widget_type=\"heading.default\">\n\t\t\t\t<div class=\"elementor-widget-container\">\n\t\t\t<h2 class=\"elementor-heading-title elementor-size-default\">Unsere M\u00f6bel live ansehen<\/h2>\t\t<\/div>\n\t\t\t\t<\/div>\n\t\t\t\t<div class=\"elementor-element elementor-element-7abce1f0 elementor-widget elementor-widget-heading\" data-id=\"7abce1f0\" data-element_type=\"widget\" data-widget_type=\"heading.default\">\n\t\t\t\t<div class=\"elementor-widget-container\">\n\t\t\t<h5 class=\"elementor-heading-title elementor-size-default\">Wir sind regelm\u00e4\u00dfig auf Messen und Ausstellungen. Besuchen Sie uns doch dort! <\/h5>\t\t<\/div>\n\t\t\t\t<\/div>\n\t\t\t\t<div class=\"elementor-element elementor-element-409870a2 elementor-widget elementor-widget-text-editor\" data-id=\"409870a2\" data-element_type=\"widget\" data-widget_type=\"text-editor.default\">\n\t\t\t\t<div class=\"elementor-widget-container\">\n\t\t\t\t\t\t\t<p>Wir nehmen an den Veranstaltungen teil, um Ihnen unsere K\u00fcchen pr\u00e4sentieren zu k\u00f6nnen. In echt schauen Dinge oft anders aus als auf Bildern. Sichern Sie sich einen Eindruck von unseren Produkten. Nat\u00fcrlich beraten wir Sie auch gerne schon vor Ort\u00a0<\/p>\t\t\t\t\t\t<\/div>\n\t\t\t\t<\/div>\n\t\t\t\t<div class=\"elementor-element elementor-element-3d60be51 elementor-align-center elementor-widget elementor-widget-button\" data-id=\"3d60be51\" data-element_type=\"widget\" data-widget_type=\"button.default\">\n\t\t\t\t<div class=\"elementor-widget-container\">\n\t\t\t\t\t<div class=\"elementor-button-wrapper\">\n\t\t\t<a class=\"elementor-button elementor-size-lg\" role=\"button\">\n\t\t\t\t\t\t<span class=\"elementor-button-content-wrapper\">\n\t\t\t\t\t\t<span class=\"elementor-button-text\">Messen einsehen<\/span>\n\t\t<\/span>\n\t\t\t\t\t<\/a>\n\t\t<\/div>\n\t\t\t\t<\/div>\n\t\t\t\t<\/div>\n\t\t\t\t\t<\/div>\n\t\t<\/div>\n\t\t\t\t<div class=\"elementor-column elementor-col-25 elementor-top-column elementor-element elementor-element-7d478c5a\" data-id=\"7d478c5a\" data-element_type=\"column\" data-settings=\"{&quot;background_background&quot;:&quot;classic&quot;}\">\n\t\t\t<div class=\"elementor-widget-wrap elementor-element-populated\">\n\t\t\t\t\t\t\t\t<div class=\"elementor-element elementor-element-7ea10a9 elementor-widget elementor-widget-image\" data-id=\"7ea10a9\" data-element_type=\"widget\" data-widget_type=\"image.default\">\n\t\t\t\t<div class=\"elementor-widget-container\">\n\t\t\t\t\t\t\t\t\t\t\t\t\t\t\t<img loading=\"lazy\" decoding=\"async\" width=\"2048\" height=\"1638\" src=\"https:\/\/webdome.at\/titan-1\/wp-content\/uploads\/2021\/07\/3d-rendering-minimal-scandinavian-wood-walk-in-clo-2021-04-04-02-09-26-utc-2048x1638.jpg\" class=\"attachment-2048x2048 size-2048x2048\" alt=\"\" srcset=\"https:\/\/webdome.at\/titan-1\/wp-content\/uploads\/2021\/07\/3d-rendering-minimal-scandinavian-wood-walk-in-clo-2021-04-04-02-09-26-utc-2048x1638.jpg 2048w, https:\/\/webdome.at\/titan-1\/wp-content\/uploads\/2021\/07\/3d-rendering-minimal-scandinavian-wood-walk-in-clo-2021-04-04-02-09-26-utc-300x240.jpg 300w, https:\/\/webdome.at\/titan-1\/wp-content\/uploads\/2021\/07\/3d-rendering-minimal-scandinavian-wood-walk-in-clo-2021-04-04-02-09-26-utc-1024x819.jpg 1024w, https:\/\/webdome.at\/titan-1\/wp-content\/uploads\/2021\/07\/3d-rendering-minimal-scandinavian-wood-walk-in-clo-2021-04-04-02-09-26-utc-768x614.jpg 768w, https:\/\/webdome.at\/titan-1\/wp-content\/uploads\/2021\/07\/3d-rendering-minimal-scandinavian-wood-walk-in-clo-2021-04-04-02-09-26-utc-1536x1229.jpg 1536w\" sizes=\"auto, (max-width: 2048px) 100vw, 2048px\" \/>\t\t\t\t\t\t\t\t\t\t\t\t\t\t\t<\/div>\n\t\t\t\t<\/div>\n\t\t\t\t\t<\/div>\n\t\t<\/div>\n\t\t\t\t\t\t\t<\/div>\n\t\t<\/section>\n\t\t\t\t\t\t<\/div>\n\t\t\t\t\t<\/div>\n\t\t","protected":false},"excerpt":{"rendered":"<p>Schlafzimmer Planung Gut Schlafen Unsere Betten und Schlafzimmer sind ber\u00fchmt f\u00fcr ihre Ausstattung mit Zirbe. Zirbe beruhigt den Geist und l\u00e4sst Sie gut schlafen. Au\u00dferdem ist der Geruch einmalig. Nat\u00fcrlich wollen wir auch hier f\u00fcr Ihr Wohlf\u00fchlen sorgen und achten auf richtige Auslegung des Bettes.\u00a0\u00a0 R\u00e4umlichkeiten Ankleidezimmer Alles was Ihr Herz begehrt.\u00a0 Hier Termin vereinbaren [&hellip;]<\/p>\n","protected":false},"author":1,"featured_media":0,"parent":0,"menu_order":0,"comment_status":"closed","ping_status":"closed","template":"","meta":{"footnotes":""},"class_list":["post-345","page","type-page","status-publish","hentry"],"_links":{"self":[{"href":"https:\/\/webdome.at\/titan-1\/index.php\/wp-json\/wp\/v2\/pages\/345","targetHints":{"allow":["GET"]}}],"collection":[{"href":"https:\/\/webdome.at\/titan-1\/index.php\/wp-json\/wp\/v2\/pages"}],"about":[{"href":"https:\/\/webdome.at\/titan-1\/index.php\/wp-json\/wp\/v2\/types\/page"}],"author":[{"embeddable":true,"href":"https:\/\/webdome.at\/titan-1\/index.php\/wp-json\/wp\/v2\/users\/1"}],"replies":[{"embeddable":true,"href":"https:\/\/webdome.at\/titan-1\/index.php\/wp-json\/wp\/v2\/comments?post=345"}],"version-history":[{"count":16,"href":"https:\/\/webdome.at\/titan-1\/index.php\/wp-json\/wp\/v2\/pages\/345\/revisions"}],"predecessor-version":[{"id":491,"href":"https:\/\/webdome.at\/titan-1\/index.php\/wp-json\/wp\/v2\/pages\/345\/revisions\/491"}],"wp:attachment":[{"href":"https:\/\/webdome.at\/titan-1\/index.php\/wp-json\/wp\/v2\/media?parent=345"}],"curies":[{"name":"wp","href":"https:\/\/api.w.org\/{rel}","templated":true}]}}